{"id":50941,"date":"2021-08-05T11:42:38","date_gmt":"2021-08-05T09:42:38","guid":{"rendered":"https:\/\/crematoriumheerlen.nl\/formulare-flugblaetter\/"},"modified":"2025-01-07T15:45:16","modified_gmt":"2025-01-07T14:45:16","slug":"formulare-flugblaetter","status":"publish","type":"page","link":"https:\/\/crematoriumheerlen.nl\/de\/formulare-flugblaetter\/","title":{"rendered":"Formulare &amp; Flugbl\u00e4tter"},"content":{"rendered":"\t\t<div data-elementor-type=\"wp-page\" data-elementor-id=\"50941\" class=\"elementor elementor-50941 elementor-17458\" data-elementor-post-type=\"page\">\n\t\t\t\t\t\t<section class=\"elementor-section elementor-top-section elementor-element elementor-element-8fb4289 new elementor-section-boxed elementor-section-height-default elementor-section-height-default\" data-id=\"8fb4289\" data-element_type=\"section\" data-e-type=\"section\">\n\t\t\t\t\t\t<div class=\"elementor-container elementor-column-gap-default\">\n\t\t\t\t\t<div class=\"elementor-column elementor-col-100 elementor-top-column elementor-element elementor-element-2dbd3c8\" data-id=\"2dbd3c8\" data-element_type=\"column\" data-e-type=\"column\">\n\t\t\t<div class=\"elementor-widget-wrap elementor-element-populated\">\n\t\t\t\t\t\t<div class=\"elementor-element elementor-element-c10d80c elementor-widget elementor-widget-spacer\" data-id=\"c10d80c\" data-element_type=\"widget\" data-e-type=\"widget\" data-widget_type=\"spacer.default\">\n\t\t\t\t<div class=\"elementor-widget-container\">\n\t\t\t\t\t\t\t<div class=\"elementor-spacer\">\n\t\t\t<div class=\"elementor-spacer-inner\"><\/div>\n\t\t<\/div>\n\t\t\t\t\t\t<\/div>\n\t\t\t\t<\/div>\n\t\t\t\t\t<\/div>\n\t\t<\/div>\n\t\t\t\t\t<\/div>\n\t\t<\/section>\n\t\t\t\t<section class=\"elementor-section elementor-top-section elementor-element elementor-element-bc3eddd elementor-section-boxed elementor-section-height-default elementor-section-height-default\" data-id=\"bc3eddd\" data-element_type=\"section\" data-e-type=\"section\">\n\t\t\t\t\t\t<div class=\"elementor-container elementor-column-gap-default\">\n\t\t\t\t\t<div class=\"elementor-column elementor-col-100 elementor-top-column elementor-element elementor-element-8450e3b\" data-id=\"8450e3b\" data-element_type=\"column\" data-e-type=\"column\">\n\t\t\t<div class=\"elementor-widget-wrap elementor-element-populated\">\n\t\t\t\t\t\t<div class=\"elementor-element elementor-element-1266b05 elementor-widget elementor-widget-heading\" data-id=\"1266b05\" data-element_type=\"widget\" data-e-type=\"widget\" data-widget_type=\"heading.default\">\n\t\t\t\t<div class=\"elementor-widget-container\">\n\t\t\t\t\t<h1 class=\"elementor-heading-title elementor-size-default\">Formulare &amp; Flugbl\u00e4tter<\/h1>\t\t\t\t<\/div>\n\t\t\t\t<\/div>\n\t\t\t\t<div class=\"elementor-element elementor-element-a1d4946 downloads elementor-widget elementor-widget-text-editor\" data-id=\"a1d4946\" data-element_type=\"widget\" data-e-type=\"widget\" data-widget_type=\"text-editor.default\">\n\t\t\t\t<div class=\"elementor-widget-container\">\n\t\t\t\t\t\t\t\t\t<p style=\"font-size: 16px;\"><span style=\"font-weight: bolder;\">Allgemein<\/span><br \/><a href=\"https:\/\/crematoriumheerlen.nl\/wp-content\/uploads\/2024\/12\/algemene-voowaarden-LvC-Heerlen.pdf\">Allgemeine Gesch\u00e4ftsbedingungen LvC<\/a><br \/><a href=\"https:\/\/crematoriumheerlen.nl\/wp-content\/uploads\/2024\/11\/FC296-HEERLEN-Richtlijnen-voor-uitvaartverzorgers-2024-v1.pdf\" target=\"_blank\" rel=\"noopener\">Richtlinien f\u00fcr Bestattungsunternehmer<\/a><br \/><a href=\"https:\/\/crematoriumheerlen.nl\/wp-content\/uploads\/2024\/11\/Privacyverklaring-Crematorium-Heerlen-1124.pdf\" target=\"_blank\" rel=\"noopener\">Erkl\u00e4rung zum Datenschutz<\/a><\/p>\n<p style=\"font-size: 16px;\"><span style=\"font-weight: bolder;\">Ein\u00e4scherung<br \/><\/span><a href=\"https:\/\/crematoriumheerlen.nl\/wp-content\/uploads\/2024\/11\/20241011-Opdrachtformulier-DEF-1.docx\" target=\"_blank\" rel=\"noopener\">Formular f\u00fcr die Ein\u00e4scherung<\/a><br \/><a href=\"https:\/\/crematoriumheerlen.nl\/wp-content\/uploads\/2024\/11\/HEERLEN-Machtigingsformulier-def-invulbaar.pdf\" target=\"_blank\" rel=\"noopener\">Genehmigungsformular Bestimmungsort der Asche<\/a><\/p>\n<p style=\"font-size: 16px;\"><span style=\"font-weight: bolder;\">Brosch\u00fcren \/ Faltbl\u00e4tter<br \/><\/span><a href=\"https:\/\/crematoriumheerlen.nl\/wp-content\/uploads\/2024\/11\/LR-spread-FC296-HEERLEN-brochure-200x200mm-11-2024-def.pdf\" target=\"_blank\" rel=\"noopener\">Krematorium Heerlen &#8211; Qualit\u00e4t nach dem Leben<\/a><br \/><a href=\"https:\/\/crematoriumheerlen.nl\/wp-content\/uploads\/2024\/11\/FC296-HEERLEN-A5-Mogelijkheden-na-crematie-11-2024-v1-1.pdf\" target=\"_blank\" rel=\"noopener\">Bestimmungsort der Asche<\/a><br \/><a href=\"https:\/\/crematoriumheerlen.nl\/wp-content\/uploads\/2024\/11\/LR-FC296-HEERLEN-A5-Flyer-Gedenkboetiek-09-2024-v1.pdf\" target=\"_blank\" rel=\"noopener\">Online Gedenkboutique<\/a><br \/><a href=\"https:\/\/crematoriumheerlen.nl\/wp-content\/uploads\/2024\/12\/LR-spread-FC296-HEERLEN-folder-A5-avondplechtigheid-10-2024-v1.pdf\" target=\"_blank\" rel=\"noopener\">Abendliche Zeremonie<\/a><\/p>\n\t\t\t\t\t\t\t\t<\/div>\n\t\t\t\t<\/div>\n\t\t\t\t\t<\/div>\n\t\t<\/div>\n\t\t\t\t\t<\/div>\n\t\t<\/section>\n\t\t\t\t<section class=\"elementor-section elementor-top-section elementor-element elementor-element-44df5eb new elementor-section-boxed elementor-section-height-default elementor-section-height-default\" data-id=\"44df5eb\" data-element_type=\"section\" data-e-type=\"section\" data-settings=\"{&quot;background_background&quot;:&quot;classic&quot;}\">\n\t\t\t\t\t\t<div class=\"elementor-container elementor-column-gap-default\">\n\t\t\t\t\t<div class=\"elementor-column elementor-col-100 elementor-top-column elementor-element elementor-element-0cb18e1\" data-id=\"0cb18e1\" data-element_type=\"column\" data-e-type=\"column\" data-settings=\"{&quot;background_background&quot;:&quot;classic&quot;}\">\n\t\t\t<div class=\"elementor-widget-wrap\">\n\t\t\t\t\t\t\t<\/div>\n\t\t<\/div>\n\t\t\t\t\t<\/div>\n\t\t<\/section>\n\t\t\t\t<section class=\"elementor-section elementor-top-section elementor-element elementor-element-dee17e6 new elementor-section-boxed elementor-section-height-default elementor-section-height-default\" data-id=\"dee17e6\" data-element_type=\"section\" data-e-type=\"section\">\n\t\t\t\t\t\t<div class=\"elementor-container elementor-column-gap-default\">\n\t\t\t\t\t<div class=\"elementor-column elementor-col-100 elementor-top-column elementor-element elementor-element-4675f2a\" data-id=\"4675f2a\" data-element_type=\"column\" data-e-type=\"column\">\n\t\t\t<div class=\"elementor-widget-wrap elementor-element-populated\">\n\t\t\t\t\t\t<div class=\"elementor-element elementor-element-b694145 elementor-widget elementor-widget-spacer\" data-id=\"b694145\" data-element_type=\"widget\" data-e-type=\"widget\" data-widget_type=\"spacer.default\">\n\t\t\t\t<div class=\"elementor-widget-container\">\n\t\t\t\t\t\t\t<div class=\"elementor-spacer\">\n\t\t\t<div class=\"elementor-spacer-inner\"><\/div>\n\t\t<\/div>\n\t\t\t\t\t\t<\/div>\n\t\t\t\t<\/div>\n\t\t\t\t\t<\/div>\n\t\t<\/div>\n\t\t\t\t\t<\/div>\n\t\t<\/section>\n\t\t\t\t<\/div>\n\t\t","protected":false},"excerpt":{"rendered":"","protected":false},"author":6,"featured_media":0,"parent":0,"menu_order":0,"comment_status":"closed","ping_status":"closed","template":"","meta":{"_acf_changed":false,"footnotes":""},"class_list":["post-50941","page","type-page","status-publish","hentry"],"acf":[],"yoast_head":"<!-- This site is optimized with the Yoast SEO plugin v27.1.1 - https:\/\/yoast.com\/product\/yoast-seo-wordpress\/ -->\n<title>Formulare &amp; Flugbl\u00e4tter &#060; Crematorium Heerlen<\/title>\n<meta name=\"description\" content=\"Wichtige Dokumente, wie z.B. Allgemeine Gesch\u00e4ftsbedingungen, Tarife, Bestellformulare und Brosch\u00fcren.\" \/>\n<meta name=\"robots\" content=\"index, follow, max-snippet:-1, max-image-preview:large, max-video-preview:-1\" \/>\n<link rel=\"canonical\" href=\"https:\/\/crematoriumheerlen.nl\/de\/formulare-flugblaetter\/\" \/>\n<meta property=\"og:locale\" content=\"de_DE\" \/>\n<meta property=\"og:type\" content=\"article\" \/>\n<meta property=\"og:title\" content=\"Formulare &amp; Flugbl\u00e4tter &#060; Crematorium Heerlen\" \/>\n<meta property=\"og:description\" content=\"Wichtige Dokumente, wie z.B. Allgemeine Gesch\u00e4ftsbedingungen, Tarife, Bestellformulare und Brosch\u00fcren.\" \/>\n<meta property=\"og:url\" content=\"https:\/\/crematoriumheerlen.nl\/de\/formulare-flugblaetter\/\" \/>\n<meta property=\"og:site_name\" content=\"Crematorium Heerlen\" \/>\n<meta property=\"article:modified_time\" content=\"2025-01-07T14:45:16+00:00\" \/>\n<meta name=\"twitter:card\" content=\"summary_large_image\" \/>\n<script type=\"application\/ld+json\" class=\"yoast-schema-graph\">{\"@context\":\"https:\/\/schema.org\",\"@graph\":[{\"@type\":\"WebPage\",\"@id\":\"https:\/\/crematoriumheerlen.nl\/de\/formulare-flugblaetter\/\",\"url\":\"https:\/\/crematoriumheerlen.nl\/de\/formulare-flugblaetter\/\",\"name\":\"Formulare &amp; Flugbl\u00e4tter &#060; Crematorium Heerlen\",\"isPartOf\":{\"@id\":\"https:\/\/crematoriumheerlen.nl\/de\/#website\"},\"datePublished\":\"2021-08-05T09:42:38+00:00\",\"dateModified\":\"2025-01-07T14:45:16+00:00\",\"description\":\"Wichtige Dokumente, wie z.B. Allgemeine Gesch\u00e4ftsbedingungen, Tarife, Bestellformulare und Brosch\u00fcren.\",\"breadcrumb\":{\"@id\":\"https:\/\/crematoriumheerlen.nl\/de\/formulare-flugblaetter\/#breadcrumb\"},\"inLanguage\":\"de\",\"potentialAction\":[{\"@type\":\"ReadAction\",\"target\":[\"https:\/\/crematoriumheerlen.nl\/de\/formulare-flugblaetter\/\"]}]},{\"@type\":\"BreadcrumbList\",\"@id\":\"https:\/\/crematoriumheerlen.nl\/de\/formulare-flugblaetter\/#breadcrumb\",\"itemListElement\":[{\"@type\":\"ListItem\",\"position\":1,\"name\":\"Sie sind hier: Home\",\"item\":\"https:\/\/crematoriumheerlen.nl\/de\/\"},{\"@type\":\"ListItem\",\"position\":2,\"name\":\"Formulare &amp; Flugbl\u00e4tter\"}]},{\"@type\":\"WebSite\",\"@id\":\"https:\/\/crematoriumheerlen.nl\/de\/#website\",\"url\":\"https:\/\/crematoriumheerlen.nl\/de\/\",\"name\":\"Crematorium Heerlen\",\"description\":\"\",\"publisher\":{\"@id\":\"https:\/\/crematoriumheerlen.nl\/de\/#organization\"},\"potentialAction\":[{\"@type\":\"SearchAction\",\"target\":{\"@type\":\"EntryPoint\",\"urlTemplate\":\"https:\/\/crematoriumheerlen.nl\/de\/?s={search_term_string}\"},\"query-input\":{\"@type\":\"PropertyValueSpecification\",\"valueRequired\":true,\"valueName\":\"search_term_string\"}}],\"inLanguage\":\"de\"},{\"@type\":\"Organization\",\"@id\":\"https:\/\/crematoriumheerlen.nl\/de\/#organization\",\"name\":\"Crematorium Heerlen\",\"url\":\"https:\/\/crematoriumheerlen.nl\/de\/\",\"logo\":{\"@type\":\"ImageObject\",\"inLanguage\":\"de\",\"@id\":\"https:\/\/crematoriumheerlen.nl\/de\/#\/schema\/logo\/image\/\",\"url\":\"\",\"contentUrl\":\"\",\"caption\":\"Crematorium Heerlen\"},\"image\":{\"@id\":\"https:\/\/crematoriumheerlen.nl\/de\/#\/schema\/logo\/image\/\"}}]}<\/script>\n<!-- \/ Yoast SEO plugin. -->","yoast_head_json":{"title":"Formulare &amp; Flugbl\u00e4tter &#060; Crematorium Heerlen","description":"Wichtige Dokumente, wie z.B. Allgemeine Gesch\u00e4ftsbedingungen, Tarife, Bestellformulare und Brosch\u00fcren.","robots":{"index":"index","follow":"follow","max-snippet":"max-snippet:-1","max-image-preview":"max-image-preview:large","max-video-preview":"max-video-preview:-1"},"canonical":"https:\/\/crematoriumheerlen.nl\/de\/formulare-flugblaetter\/","og_locale":"de_DE","og_type":"article","og_title":"Formulare &amp; Flugbl\u00e4tter &#060; Crematorium Heerlen","og_description":"Wichtige Dokumente, wie z.B. Allgemeine Gesch\u00e4ftsbedingungen, Tarife, Bestellformulare und Brosch\u00fcren.","og_url":"https:\/\/crematoriumheerlen.nl\/de\/formulare-flugblaetter\/","og_site_name":"Crematorium Heerlen","article_modified_time":"2025-01-07T14:45:16+00:00","twitter_card":"summary_large_image","schema":{"@context":"https:\/\/schema.org","@graph":[{"@type":"WebPage","@id":"https:\/\/crematoriumheerlen.nl\/de\/formulare-flugblaetter\/","url":"https:\/\/crematoriumheerlen.nl\/de\/formulare-flugblaetter\/","name":"Formulare &amp; Flugbl\u00e4tter &#060; Crematorium Heerlen","isPartOf":{"@id":"https:\/\/crematoriumheerlen.nl\/de\/#website"},"datePublished":"2021-08-05T09:42:38+00:00","dateModified":"2025-01-07T14:45:16+00:00","description":"Wichtige Dokumente, wie z.B. Allgemeine Gesch\u00e4ftsbedingungen, Tarife, Bestellformulare und Brosch\u00fcren.","breadcrumb":{"@id":"https:\/\/crematoriumheerlen.nl\/de\/formulare-flugblaetter\/#breadcrumb"},"inLanguage":"de","potentialAction":[{"@type":"ReadAction","target":["https:\/\/crematoriumheerlen.nl\/de\/formulare-flugblaetter\/"]}]},{"@type":"BreadcrumbList","@id":"https:\/\/crematoriumheerlen.nl\/de\/formulare-flugblaetter\/#breadcrumb","itemListElement":[{"@type":"ListItem","position":1,"name":"Sie sind hier: Home","item":"https:\/\/crematoriumheerlen.nl\/de\/"},{"@type":"ListItem","position":2,"name":"Formulare &amp; Flugbl\u00e4tter"}]},{"@type":"WebSite","@id":"https:\/\/crematoriumheerlen.nl\/de\/#website","url":"https:\/\/crematoriumheerlen.nl\/de\/","name":"Crematorium Heerlen","description":"","publisher":{"@id":"https:\/\/crematoriumheerlen.nl\/de\/#organization"},"potentialAction":[{"@type":"SearchAction","target":{"@type":"EntryPoint","urlTemplate":"https:\/\/crematoriumheerlen.nl\/de\/?s={search_term_string}"},"query-input":{"@type":"PropertyValueSpecification","valueRequired":true,"valueName":"search_term_string"}}],"inLanguage":"de"},{"@type":"Organization","@id":"https:\/\/crematoriumheerlen.nl\/de\/#organization","name":"Crematorium Heerlen","url":"https:\/\/crematoriumheerlen.nl\/de\/","logo":{"@type":"ImageObject","inLanguage":"de","@id":"https:\/\/crematoriumheerlen.nl\/de\/#\/schema\/logo\/image\/","url":"","contentUrl":"","caption":"Crematorium Heerlen"},"image":{"@id":"https:\/\/crematoriumheerlen.nl\/de\/#\/schema\/logo\/image\/"}}]}},"_links":{"self":[{"href":"https:\/\/crematoriumheerlen.nl\/de\/wp-json\/wp\/v2\/pages\/50941","targetHints":{"allow":["GET"]}}],"collection":[{"href":"https:\/\/crematoriumheerlen.nl\/de\/wp-json\/wp\/v2\/pages"}],"about":[{"href":"https:\/\/crematoriumheerlen.nl\/de\/wp-json\/wp\/v2\/types\/page"}],"author":[{"embeddable":true,"href":"https:\/\/crematoriumheerlen.nl\/de\/wp-json\/wp\/v2\/users\/6"}],"replies":[{"embeddable":true,"href":"https:\/\/crematoriumheerlen.nl\/de\/wp-json\/wp\/v2\/comments?post=50941"}],"version-history":[{"count":1,"href":"https:\/\/crematoriumheerlen.nl\/de\/wp-json\/wp\/v2\/pages\/50941\/revisions"}],"predecessor-version":[{"id":50942,"href":"https:\/\/crematoriumheerlen.nl\/de\/wp-json\/wp\/v2\/pages\/50941\/revisions\/50942"}],"wp:attachment":[{"href":"https:\/\/crematoriumheerlen.nl\/de\/wp-json\/wp\/v2\/media?parent=50941"}],"curies":[{"name":"wp","href":"https:\/\/api.w.org\/{rel}","templated":true}]}}