{"id":50914,"date":"2021-09-24T11:32:12","date_gmt":"2021-09-24T09:32:12","guid":{"rendered":"https:\/\/crematoriumheerlen.nl\/haftungsausschluss\/"},"modified":"2025-01-10T12:28:36","modified_gmt":"2025-01-10T11:28:36","slug":"haftungsausschluss","status":"publish","type":"page","link":"https:\/\/crematoriumheerlen.nl\/de\/haftungsausschluss\/","title":{"rendered":"Disclaimer"},"content":{"rendered":"\t\t<div data-elementor-type=\"wp-page\" data-elementor-id=\"50914\" class=\"elementor elementor-50914 elementor-18636\" data-elementor-post-type=\"page\">\n\t\t\t\t\t\t<section class=\"elementor-section elementor-top-section elementor-element elementor-element-7ab3a73 elementor-section-boxed elementor-section-height-default elementor-section-height-default\" data-id=\"7ab3a73\" data-element_type=\"section\" data-e-type=\"section\">\n\t\t\t\t\t\t<div class=\"elementor-container elementor-column-gap-default\">\n\t\t\t\t\t<div class=\"elementor-column elementor-col-100 elementor-top-column elementor-element elementor-element-e0630bd\" data-id=\"e0630bd\" data-element_type=\"column\" data-e-type=\"column\">\n\t\t\t<div class=\"elementor-widget-wrap elementor-element-populated\">\n\t\t\t\t\t\t<div class=\"elementor-element elementor-element-a5123e7 elementor-widget elementor-widget-heading\" data-id=\"a5123e7\" data-element_type=\"widget\" data-e-type=\"widget\" data-widget_type=\"heading.default\">\n\t\t\t\t<div class=\"elementor-widget-container\">\n\t\t\t\t\t<h2 class=\"elementor-heading-title elementor-size-default\">Disclaimer<\/h2>\t\t\t\t<\/div>\n\t\t\t\t<\/div>\n\t\t\t\t<div class=\"elementor-element elementor-element-fe99d17 elementor-widget elementor-widget-text-editor\" data-id=\"fe99d17\" data-element_type=\"widget\" data-e-type=\"widget\" data-widget_type=\"text-editor.default\">\n\t\t\t\t<div class=\"elementor-widget-container\">\n\t\t\t\t\t\t\t\t\t<div class=\"c-message_kit__gutter\"><div class=\"c-message_kit__gutter__right\" data-qa=\"message_content\"><div class=\"c-message_kit__blocks c-message_kit__blocks--rich_text\"><div class=\"c-message__message_blocks c-message__message_blocks--rich_text\"><div class=\"p-block_kit_renderer\" data-qa=\"block-kit-renderer\"><div class=\"p-block_kit_renderer__block_wrapper p-block_kit_renderer__block_wrapper--first\"><div class=\"p-rich_text_block\" dir=\"auto\"><div class=\"p-rich_text_section\">Alle Rechte vorbehalten. Kein Teil dieser Website darf kopiert oder in einer Datenbank gespeichert werden, egal in welcher Form oder mit welchen Mitteln, elektronisch, digital, mechanisch, manuell, fotografisch oder anderweitig.<\/div><div class=\"p-rich_text_section\">\u00a0<\/div><div class=\"p-rich_text_section\">F\u00fcr die legale Abwicklung ist eine vorherige schriftliche Genehmigung des Krematoriums Heerlen<a href=\"mailto:info@crematoriumheerlen.nl\">(info@crematoriumheerlen.nl)<\/a> erforderlich.<\/div><div class=\"p-rich_text_section\">\u00a0<\/div><div class=\"p-rich_text_section\">Obwohl diese Website mit gr\u00f6\u00dftm\u00f6glicher Sorgfalt zusammengestellt wurde, kann das Krematorium Heerlen nicht f\u00fcr direkte oder indirekte Sch\u00e4den haftbar gemacht werden, die z.B. durch fehlerhafte Informationen verursacht werden k\u00f6nnten.<\/div><\/div><\/div><\/div><\/div><\/div><\/div><\/div><div class=\"c-message_actions__container c-message__actions\" role=\"group\"><div class=\"c-message_actions__group\" role=\"group\" aria-label=\"Message shortcuts\" data-qa=\"message-actions\">\u00a0<\/div><\/div>\t\t\t\t\t\t\t\t<\/div>\n\t\t\t\t<\/div>\n\t\t\t\t\t<\/div>\n\t\t<\/div>\n\t\t\t\t\t<\/div>\n\t\t<\/section>\n\t\t\t\t<section class=\"elementor-section elementor-top-section elementor-element elementor-element-7ed5fd0 new elementor-section-boxed elementor-section-height-default elementor-section-height-default\" data-id=\"7ed5fd0\" data-element_type=\"section\" data-e-type=\"section\">\n\t\t\t\t\t\t<div class=\"elementor-container elementor-column-gap-default\">\n\t\t\t\t\t<div class=\"elementor-column elementor-col-100 elementor-top-column elementor-element elementor-element-1b6a88f\" data-id=\"1b6a88f\" data-element_type=\"column\" data-e-type=\"column\">\n\t\t\t<div class=\"elementor-widget-wrap elementor-element-populated\">\n\t\t\t\t\t\t<div class=\"elementor-element elementor-element-a084e38 elementor-widget elementor-widget-spacer\" data-id=\"a084e38\" data-element_type=\"widget\" data-e-type=\"widget\" data-widget_type=\"spacer.default\">\n\t\t\t\t<div class=\"elementor-widget-container\">\n\t\t\t\t\t\t\t<div class=\"elementor-spacer\">\n\t\t\t<div class=\"elementor-spacer-inner\"><\/div>\n\t\t<\/div>\n\t\t\t\t\t\t<\/div>\n\t\t\t\t<\/div>\n\t\t\t\t\t<\/div>\n\t\t<\/div>\n\t\t\t\t\t<\/div>\n\t\t<\/section>\n\t\t\t\t<\/div>\n\t\t","protected":false},"excerpt":{"rendered":"","protected":false},"author":1,"featured_media":0,"parent":0,"menu_order":0,"comment_status":"closed","ping_status":"closed","template":"","meta":{"_acf_changed":false,"footnotes":""},"class_list":["post-50914","page","type-page","status-publish","hentry"],"acf":[],"yoast_head":"<!-- This site is optimized with the Yoast SEO plugin v27.4 - https:\/\/yoast.com\/product\/yoast-seo-wordpress\/ -->\n<title>Disclaimer &#060; Crematorium Heerlen<\/title>\n<meta name=\"description\" content=\"Alle Rechte vorbehalten.\" \/>\n<meta name=\"robots\" content=\"index, follow, max-snippet:-1, max-image-preview:large, max-video-preview:-1\" \/>\n<link rel=\"canonical\" href=\"https:\/\/crematoriumheerlen.nl\/de\/haftungsausschluss\/\" \/>\n<meta property=\"og:locale\" content=\"de_DE\" \/>\n<meta property=\"og:type\" content=\"article\" \/>\n<meta property=\"og:title\" content=\"Disclaimer &#060; Crematorium Heerlen\" \/>\n<meta property=\"og:description\" content=\"Alle Rechte vorbehalten.\" \/>\n<meta property=\"og:url\" content=\"https:\/\/crematoriumheerlen.nl\/de\/haftungsausschluss\/\" \/>\n<meta property=\"og:site_name\" content=\"Crematorium Heerlen\" \/>\n<meta property=\"article:modified_time\" content=\"2025-01-10T11:28:36+00:00\" \/>\n<meta name=\"twitter:card\" content=\"summary_large_image\" \/>\n<meta name=\"twitter:label1\" content=\"Gesch\u00e4tzte Lesezeit\" \/>\n\t<meta name=\"twitter:data1\" content=\"1\u00a0Minute\" \/>\n<script type=\"application\/ld+json\" class=\"yoast-schema-graph\">{\"@context\":\"https:\\\/\\\/schema.org\",\"@graph\":[{\"@type\":\"WebPage\",\"@id\":\"https:\\\/\\\/crematoriumheerlen.nl\\\/de\\\/haftungsausschluss\\\/\",\"url\":\"https:\\\/\\\/crematoriumheerlen.nl\\\/de\\\/haftungsausschluss\\\/\",\"name\":\"Disclaimer &#060; Crematorium Heerlen\",\"isPartOf\":{\"@id\":\"https:\\\/\\\/crematoriumheerlen.nl\\\/de\\\/#website\"},\"datePublished\":\"2021-09-24T09:32:12+00:00\",\"dateModified\":\"2025-01-10T11:28:36+00:00\",\"description\":\"Alle Rechte vorbehalten.\",\"breadcrumb\":{\"@id\":\"https:\\\/\\\/crematoriumheerlen.nl\\\/de\\\/haftungsausschluss\\\/#breadcrumb\"},\"inLanguage\":\"de\",\"potentialAction\":[{\"@type\":\"ReadAction\",\"target\":[\"https:\\\/\\\/crematoriumheerlen.nl\\\/de\\\/haftungsausschluss\\\/\"]}]},{\"@type\":\"BreadcrumbList\",\"@id\":\"https:\\\/\\\/crematoriumheerlen.nl\\\/de\\\/haftungsausschluss\\\/#breadcrumb\",\"itemListElement\":[{\"@type\":\"ListItem\",\"position\":1,\"name\":\"Sie sind hier: Home\",\"item\":\"https:\\\/\\\/crematoriumheerlen.nl\\\/de\\\/\"},{\"@type\":\"ListItem\",\"position\":2,\"name\":\"Disclaimer\"}]},{\"@type\":\"WebSite\",\"@id\":\"https:\\\/\\\/crematoriumheerlen.nl\\\/de\\\/#website\",\"url\":\"https:\\\/\\\/crematoriumheerlen.nl\\\/de\\\/\",\"name\":\"Crematorium Heerlen\",\"description\":\"\",\"publisher\":{\"@id\":\"https:\\\/\\\/crematoriumheerlen.nl\\\/de\\\/#organization\"},\"potentialAction\":[{\"@type\":\"SearchAction\",\"target\":{\"@type\":\"EntryPoint\",\"urlTemplate\":\"https:\\\/\\\/crematoriumheerlen.nl\\\/de\\\/?s={search_term_string}\"},\"query-input\":{\"@type\":\"PropertyValueSpecification\",\"valueRequired\":true,\"valueName\":\"search_term_string\"}}],\"inLanguage\":\"de\"},{\"@type\":\"Organization\",\"@id\":\"https:\\\/\\\/crematoriumheerlen.nl\\\/de\\\/#organization\",\"name\":\"Crematorium Heerlen\",\"url\":\"https:\\\/\\\/crematoriumheerlen.nl\\\/de\\\/\",\"logo\":{\"@type\":\"ImageObject\",\"inLanguage\":\"de\",\"@id\":\"https:\\\/\\\/crematoriumheerlen.nl\\\/de\\\/#\\\/schema\\\/logo\\\/image\\\/\",\"url\":\"\",\"contentUrl\":\"\",\"caption\":\"Crematorium Heerlen\"},\"image\":{\"@id\":\"https:\\\/\\\/crematoriumheerlen.nl\\\/de\\\/#\\\/schema\\\/logo\\\/image\\\/\"}}]}<\/script>\n<!-- \/ Yoast SEO plugin. -->","yoast_head_json":{"title":"Disclaimer &#060; Crematorium Heerlen","description":"Alle Rechte vorbehalten.","robots":{"index":"index","follow":"follow","max-snippet":"max-snippet:-1","max-image-preview":"max-image-preview:large","max-video-preview":"max-video-preview:-1"},"canonical":"https:\/\/crematoriumheerlen.nl\/de\/haftungsausschluss\/","og_locale":"de_DE","og_type":"article","og_title":"Disclaimer &#060; Crematorium Heerlen","og_description":"Alle Rechte vorbehalten.","og_url":"https:\/\/crematoriumheerlen.nl\/de\/haftungsausschluss\/","og_site_name":"Crematorium Heerlen","article_modified_time":"2025-01-10T11:28:36+00:00","twitter_card":"summary_large_image","twitter_misc":{"Gesch\u00e4tzte Lesezeit":"1\u00a0Minute"},"schema":{"@context":"https:\/\/schema.org","@graph":[{"@type":"WebPage","@id":"https:\/\/crematoriumheerlen.nl\/de\/haftungsausschluss\/","url":"https:\/\/crematoriumheerlen.nl\/de\/haftungsausschluss\/","name":"Disclaimer &#060; Crematorium Heerlen","isPartOf":{"@id":"https:\/\/crematoriumheerlen.nl\/de\/#website"},"datePublished":"2021-09-24T09:32:12+00:00","dateModified":"2025-01-10T11:28:36+00:00","description":"Alle Rechte vorbehalten.","breadcrumb":{"@id":"https:\/\/crematoriumheerlen.nl\/de\/haftungsausschluss\/#breadcrumb"},"inLanguage":"de","potentialAction":[{"@type":"ReadAction","target":["https:\/\/crematoriumheerlen.nl\/de\/haftungsausschluss\/"]}]},{"@type":"BreadcrumbList","@id":"https:\/\/crematoriumheerlen.nl\/de\/haftungsausschluss\/#breadcrumb","itemListElement":[{"@type":"ListItem","position":1,"name":"Sie sind hier: Home","item":"https:\/\/crematoriumheerlen.nl\/de\/"},{"@type":"ListItem","position":2,"name":"Disclaimer"}]},{"@type":"WebSite","@id":"https:\/\/crematoriumheerlen.nl\/de\/#website","url":"https:\/\/crematoriumheerlen.nl\/de\/","name":"Crematorium Heerlen","description":"","publisher":{"@id":"https:\/\/crematoriumheerlen.nl\/de\/#organization"},"potentialAction":[{"@type":"SearchAction","target":{"@type":"EntryPoint","urlTemplate":"https:\/\/crematoriumheerlen.nl\/de\/?s={search_term_string}"},"query-input":{"@type":"PropertyValueSpecification","valueRequired":true,"valueName":"search_term_string"}}],"inLanguage":"de"},{"@type":"Organization","@id":"https:\/\/crematoriumheerlen.nl\/de\/#organization","name":"Crematorium Heerlen","url":"https:\/\/crematoriumheerlen.nl\/de\/","logo":{"@type":"ImageObject","inLanguage":"de","@id":"https:\/\/crematoriumheerlen.nl\/de\/#\/schema\/logo\/image\/","url":"","contentUrl":"","caption":"Crematorium Heerlen"},"image":{"@id":"https:\/\/crematoriumheerlen.nl\/de\/#\/schema\/logo\/image\/"}}]}},"_links":{"self":[{"href":"https:\/\/crematoriumheerlen.nl\/de\/wp-json\/wp\/v2\/pages\/50914","targetHints":{"allow":["GET"]}}],"collection":[{"href":"https:\/\/crematoriumheerlen.nl\/de\/wp-json\/wp\/v2\/pages"}],"about":[{"href":"https:\/\/crematoriumheerlen.nl\/de\/wp-json\/wp\/v2\/types\/page"}],"author":[{"embeddable":true,"href":"https:\/\/crematoriumheerlen.nl\/de\/wp-json\/wp\/v2\/users\/1"}],"replies":[{"embeddable":true,"href":"https:\/\/crematoriumheerlen.nl\/de\/wp-json\/wp\/v2\/comments?post=50914"}],"version-history":[{"count":6,"href":"https:\/\/crematoriumheerlen.nl\/de\/wp-json\/wp\/v2\/pages\/50914\/revisions"}],"predecessor-version":[{"id":51139,"href":"https:\/\/crematoriumheerlen.nl\/de\/wp-json\/wp\/v2\/pages\/50914\/revisions\/51139"}],"wp:attachment":[{"href":"https:\/\/crematoriumheerlen.nl\/de\/wp-json\/wp\/v2\/media?parent=50914"}],"curies":[{"name":"wp","href":"https:\/\/api.w.org\/{rel}","templated":true}]}}